{"id":1601,"date":"2023-10-28T10:15:53","date_gmt":"2023-10-28T10:15:53","guid":{"rendered":"https:\/\/da-crew.org\/?page_id=1601"},"modified":"2023-11-08T18:48:15","modified_gmt":"2023-11-08T18:48:15","slug":"cgu","status":"publish","type":"page","link":"https:\/\/da-crew.org\/en\/cgu\/","title":{"rendered":"CGU de Da Crew"},"content":{"rendered":"<div data-elementor-type=\"wp-page\" data-elementor-id=\"1601\" class=\"elementor elementor-1601\" data-elementor-post-type=\"page\">\n\t\t\t\t<div class=\"elementor-element elementor-element-59db7ac e-flex e-con-boxed e-con e-parent\" data-id=\"59db7ac\" data-element_type=\"container\" data-e-type=\"container\">\n\t\t\t\t\t<div class=\"e-con-inner\">\n\t\t\t\t<div class=\"elementor-element elementor-element-0f8c2d7 elementor-widget elementor-widget-heading\" data-id=\"0f8c2d7\" data-element_type=\"widget\" data-e-type=\"widget\" data-widget_type=\"heading.default\">\n\t\t\t\t<div class=\"elementor-widget-container\">\n\t\t\t\t\t<h1 class=\"elementor-heading-title elementor-size-default\">Conditions G\u00e9n\u00e9rales d'Utilisation de da-crew.org<\/h1>\t\t\t\t<\/div>\n\t\t\t\t<\/div>\n\t\t\t\t<div class=\"elementor-element elementor-element-fdc7001 elementor-widget elementor-widget-text-editor\" data-id=\"fdc7001\" data-element_type=\"widget\" data-e-type=\"widget\" data-widget_type=\"text-editor.default\">\n\t\t\t\t<div class=\"elementor-widget-container\">\n\t\t\t\t\t\t\t\t\t<p><span style=\"color: var( --e-global-color-text ); font-family: var( --e-global-typography-text-font-family ), Sans-serif; font-size: var( --e-global-typography-text-font-size ); font-weight: var( --e-global-typography-text-font-weight ); text-align: var(--text-align);\">Effective Date: 01\/10\/2023<\/span><\/p><p>Bienvenue sur da-crew.org, le site web de la soci\u00e9t\u00e9 Da Crew, enregistr\u00e9e sous le num\u00e9ro 977793157 au Registre du Commerce et des Soci\u00e9t\u00e9s de Paris (R.C.S Paris). Les pr\u00e9sentes Conditions G\u00e9n\u00e9rales d&rsquo;Utilisation (CGU) d\u00e9finissent les r\u00e8gles d&rsquo;utilisation du site da-crew.org. En visitant ce site, vous acceptez de vous conformer \u00e0 ces CGU.<\/p><h2>1. Utilisation du Site<\/h2><p>1.1. Vous vous engagez \u00e0 utiliser ce site conform\u00e9ment \u00e0 la loi, sans enfreindre aucune r\u00e8gle ou r\u00e9gulation.<\/p><p>1.2. Ainsi, vous \u00eates tenu de respecter les droits de propri\u00e9t\u00e9 intellectuelle de Da Crew et de tiers, y compris les droits d&rsquo;auteur, les marques de commerce et les brevets.<\/p><h2>2. Contenu du Site<\/h2><p>2.1. Le contenu de da-crew.org est fourni \u00e0 des fins d&rsquo;information. Da Crew se r\u00e9serve donc le droit de modifier, supprimer ou ajouter du contenu \u00e0 tout moment, sans pr\u00e9avis.<\/p><p>2.2. Da Crew ne peut garantir l&rsquo;exactitude, l&rsquo;exhaustivit\u00e9 ou la pertinence du contenu pr\u00e9sent\u00e9 sur le site. Vous utilisez par cons\u00e9quent ce contenu \u00e0 vos propres risques.<\/p><h2>3. Liens Externes<\/h2><p>3.1. Le site da-crew.org peut contenir des liens vers des sites web tiers. Da Crew n&rsquo;est pas responsable du contenu ou de la fiabilit\u00e9 de ces sites. L&rsquo;utilisation de ces liens est par cons\u00e9quent \u00e0 votre discr\u00e9tion et sous votre propre responsabilit\u00e9.<\/p><h2>4. Protection des Donn\u00e9es<\/h2><p>4.1. Da Crew collecte et traite les donn\u00e9es personnelles conform\u00e9ment \u00e0 sa Politique de Confidentialit\u00e9, disponible sur le site. En utilisant ce site, vous consentez \u00e0 la collecte et au traitement de vos donn\u00e9es personnelles conform\u00e9ment \u00e0 cette politique.<\/p><h2>5. Limitation de Responsabilit\u00e9<\/h2><p>5.1. Da Crew ne peut \u00eatre tenu responsable des dommages directs, indirects, sp\u00e9ciaux, cons\u00e9cutifs ou punitifs r\u00e9sultant de l&rsquo;utilisation ou de l&rsquo;impossibilit\u00e9 d&rsquo;utilisation du site da-crew.org.<\/p><h2>6. Droit Applicable et Juridiction<\/h2><p>6.1. Ces CGU sont soumises aux lois en vigueur en France. Tout litige d\u00e9coulant de l&rsquo;utilisation de ce site sera r\u00e9solu par les tribunaux fran\u00e7ais, ayant une comp\u00e9tence exclusive.<\/p><h2>7. Modification des CGU<\/h2><p>7.1. Da Crew se r\u00e9serve le droit de modifier ces CGU \u00e0 tout moment. Les modifications seront publi\u00e9es sur le site, avec indication de leur date d&rsquo;effet. Il vous incombe de v\u00e9rifier r\u00e9guli\u00e8rement ces CGU pour \u00eatre inform\u00e9 des \u00e9ventuelles modifications.<\/p><p>En utilisant da-crew.org, vous acceptez ces Conditions G\u00e9n\u00e9rales d&rsquo;Utilisation. Si vous n&rsquo;\u00eates pas d&rsquo;accord avec ces conditions, nous vous invitons \u00e0 ne pas utiliser ce site.<\/p><p>Pour toute question ou pr\u00e9occupation concernant ces CGU, veuillez nous contacter \u00e0 l&rsquo;adresse suivante : jl@dacrew.org.<\/p>\t\t\t\t\t\t\t\t<\/div>\n\t\t\t\t<\/div>\n\t\t\t\t\t<\/div>\n\t\t\t\t<\/div>\n\t\t\t\t<\/div>","protected":false},"excerpt":{"rendered":"<p>Conditions G\u00e9n\u00e9rales d&rsquo;Utilisation de da-crew.org Date d&rsquo;effet : 01\/10\/2023 Bienvenue sur da-crew.org, le site web de la soci\u00e9t\u00e9 Da Crew, enregistr\u00e9e sous le num\u00e9ro 977793157 au Registre du Commerce et des Soci\u00e9t\u00e9s de Paris (R.C.S Paris). Les pr\u00e9sentes Conditions G\u00e9n\u00e9rales d&rsquo;Utilisation (CGU) d\u00e9finissent les r\u00e8gles d&rsquo;utilisation du site da-crew.org. En visitant ce site, vous acceptez [&hellip;]<\/p>\n","protected":false},"author":1,"featured_media":807,"parent":0,"menu_order":0,"comment_status":"closed","ping_status":"closed","template":"","meta":{"footnotes":""},"class_list":["post-1601","page","type-page","status-publish","has-post-thumbnail","hentry"],"yoast_head":"<!-- This site is optimized with the Yoast SEO plugin v27.5 - https:\/\/yoast.com\/product\/yoast-seo-wordpress\/ -->\n<title>Conditions G\u00e9n\u00e9rales d&#039;Utilisation<\/title>\n<meta name=\"description\" content=\"Consultez les Conditions G\u00e9n\u00e9rales d&#039;Utilisation du site Da-Crew.org, de ses produits et de ses formations.\" \/>\n<meta name=\"robots\" content=\"index, follow, max-snippet:-1, max-image-preview:large, max-video-preview:-1\" \/>\n<link rel=\"canonical\" href=\"https:\/\/da-crew.org\/en\/cgu\/\" \/>\n<meta property=\"og:locale\" content=\"en_GB\" \/>\n<meta property=\"og:type\" content=\"article\" \/>\n<meta property=\"og:title\" content=\"Conditions G\u00e9n\u00e9rales d&#039;Utilisation\" \/>\n<meta property=\"og:description\" content=\"Consultez les Conditions G\u00e9n\u00e9rales d&#039;Utilisation du site Da-Crew.org, de ses produits et de ses formations.\" \/>\n<meta property=\"og:url\" content=\"https:\/\/da-crew.org\/en\/cgu\/\" \/>\n<meta property=\"og:site_name\" content=\"Da Crew\" \/>\n<meta property=\"article:modified_time\" content=\"2023-11-08T18:48:15+00:00\" \/>\n<meta property=\"og:image\" content=\"https:\/\/da-crew.org\/wp-content\/uploads\/2023\/10\/INTRO_Equipage_bateau_litho.jpg\" \/>\n\t<meta property=\"og:image:width\" content=\"600\" \/>\n\t<meta property=\"og:image:height\" content=\"766\" \/>\n\t<meta property=\"og:image:type\" content=\"image\/jpeg\" \/>\n<meta name=\"twitter:card\" content=\"summary_large_image\" \/>\n<meta name=\"twitter:title\" content=\"Conditions G\u00e9n\u00e9rales d&#039;Utilisation\" \/>\n<meta name=\"twitter:description\" content=\"Consultez les Conditions G\u00e9n\u00e9rales d&#039;Utilisation du site Da-Crew.org, de ses produits et de ses formations.\" \/>\n<meta name=\"twitter:image\" content=\"https:\/\/da-crew.org\/wp-content\/uploads\/2023\/10\/INTRO_Equipage_bateau_litho.jpg\" \/>\n<meta name=\"twitter:label1\" content=\"Est. reading time\" \/>\n\t<meta name=\"twitter:data1\" content=\"3 minutes\" \/>\n<script type=\"application\/ld+json\" class=\"yoast-schema-graph\">{\"@context\":\"https:\\\/\\\/schema.org\",\"@graph\":[{\"@type\":\"WebPage\",\"@id\":\"https:\\\/\\\/da-crew.org\\\/cgu\\\/\",\"url\":\"https:\\\/\\\/da-crew.org\\\/cgu\\\/\",\"name\":\"Conditions G\u00e9n\u00e9rales d'Utilisation\",\"isPartOf\":{\"@id\":\"https:\\\/\\\/da-crew.org\\\/#website\"},\"primaryImageOfPage\":{\"@id\":\"https:\\\/\\\/da-crew.org\\\/cgu\\\/#primaryimage\"},\"image\":{\"@id\":\"https:\\\/\\\/da-crew.org\\\/cgu\\\/#primaryimage\"},\"thumbnailUrl\":\"https:\\\/\\\/da-crew.org\\\/wp-content\\\/uploads\\\/2023\\\/10\\\/INTRO_Equipage_bateau_litho.jpg\",\"datePublished\":\"2023-10-28T10:15:53+00:00\",\"dateModified\":\"2023-11-08T18:48:15+00:00\",\"description\":\"Consultez les Conditions G\u00e9n\u00e9rales d'Utilisation du site Da-Crew.org, de ses produits et de ses formations.\",\"breadcrumb\":{\"@id\":\"https:\\\/\\\/da-crew.org\\\/cgu\\\/#breadcrumb\"},\"inLanguage\":\"en-GB\",\"potentialAction\":[{\"@type\":\"ReadAction\",\"target\":[\"https:\\\/\\\/da-crew.org\\\/cgu\\\/\"]}]},{\"@type\":\"ImageObject\",\"inLanguage\":\"en-GB\",\"@id\":\"https:\\\/\\\/da-crew.org\\\/cgu\\\/#primaryimage\",\"url\":\"https:\\\/\\\/da-crew.org\\\/wp-content\\\/uploads\\\/2023\\\/10\\\/INTRO_Equipage_bateau_litho.jpg\",\"contentUrl\":\"https:\\\/\\\/da-crew.org\\\/wp-content\\\/uploads\\\/2023\\\/10\\\/INTRO_Equipage_bateau_litho.jpg\",\"width\":600,\"height\":766,\"caption\":\"Equipage bateau litho - Da Crew\"},{\"@type\":\"BreadcrumbList\",\"@id\":\"https:\\\/\\\/da-crew.org\\\/cgu\\\/#breadcrumb\",\"itemListElement\":[{\"@type\":\"ListItem\",\"position\":1,\"name\":\"Accueil\",\"item\":\"https:\\\/\\\/da-crew.org\\\/\"},{\"@type\":\"ListItem\",\"position\":2,\"name\":\"CGU de Da Crew\"}]},{\"@type\":\"WebSite\",\"@id\":\"https:\\\/\\\/da-crew.org\\\/#website\",\"url\":\"https:\\\/\\\/da-crew.org\\\/\",\"name\":\"DaCrew.org\",\"description\":\"Aborder la formation diff\u00e9remment\",\"publisher\":{\"@id\":\"https:\\\/\\\/da-crew.org\\\/#organization\"},\"potentialAction\":[{\"@type\":\"SearchAction\",\"target\":{\"@type\":\"EntryPoint\",\"urlTemplate\":\"https:\\\/\\\/da-crew.org\\\/?s={search_term_string}\"},\"query-input\":{\"@type\":\"PropertyValueSpecification\",\"valueRequired\":true,\"valueName\":\"search_term_string\"}}],\"inLanguage\":\"en-GB\"},{\"@type\":\"Organization\",\"@id\":\"https:\\\/\\\/da-crew.org\\\/#organization\",\"name\":\"DaCrew.org\",\"url\":\"https:\\\/\\\/da-crew.org\\\/\",\"logo\":{\"@type\":\"ImageObject\",\"inLanguage\":\"en-GB\",\"@id\":\"https:\\\/\\\/da-crew.org\\\/#\\\/schema\\\/logo\\\/image\\\/\",\"url\":\"https:\\\/\\\/da-crew.org\\\/wp-content\\\/uploads\\\/2023\\\/09\\\/ANCRE_DA_CREW_GRISE_300px.png\",\"contentUrl\":\"https:\\\/\\\/da-crew.org\\\/wp-content\\\/uploads\\\/2023\\\/09\\\/ANCRE_DA_CREW_GRISE_300px.png\",\"width\":300,\"height\":304,\"caption\":\"DaCrew.org\"},\"image\":{\"@id\":\"https:\\\/\\\/da-crew.org\\\/#\\\/schema\\\/logo\\\/image\\\/\"}}]}<\/script>\n<!-- \/ Yoast SEO plugin. -->","yoast_head_json":{"title":"Conditions G\u00e9n\u00e9rales d'Utilisation","description":"Consultez les Conditions G\u00e9n\u00e9rales d'Utilisation du site Da-Crew.org, de ses produits et de ses formations.","robots":{"index":"index","follow":"follow","max-snippet":"max-snippet:-1","max-image-preview":"max-image-preview:large","max-video-preview":"max-video-preview:-1"},"canonical":"https:\/\/da-crew.org\/en\/cgu\/","og_locale":"en_GB","og_type":"article","og_title":"Conditions G\u00e9n\u00e9rales d'Utilisation","og_description":"Consultez les Conditions G\u00e9n\u00e9rales d'Utilisation du site Da-Crew.org, de ses produits et de ses formations.","og_url":"https:\/\/da-crew.org\/en\/cgu\/","og_site_name":"Da Crew","article_modified_time":"2023-11-08T18:48:15+00:00","og_image":[{"width":600,"height":766,"url":"https:\/\/da-crew.org\/wp-content\/uploads\/2023\/10\/INTRO_Equipage_bateau_litho.jpg","type":"image\/jpeg"}],"twitter_card":"summary_large_image","twitter_title":"Conditions G\u00e9n\u00e9rales d'Utilisation","twitter_description":"Consultez les Conditions G\u00e9n\u00e9rales d'Utilisation du site Da-Crew.org, de ses produits et de ses formations.","twitter_image":"https:\/\/da-crew.org\/wp-content\/uploads\/2023\/10\/INTRO_Equipage_bateau_litho.jpg","twitter_misc":{"Est. reading time":"3 minutes"},"schema":{"@context":"https:\/\/schema.org","@graph":[{"@type":"WebPage","@id":"https:\/\/da-crew.org\/cgu\/","url":"https:\/\/da-crew.org\/cgu\/","name":"Conditions G\u00e9n\u00e9rales d'Utilisation","isPartOf":{"@id":"https:\/\/da-crew.org\/#website"},"primaryImageOfPage":{"@id":"https:\/\/da-crew.org\/cgu\/#primaryimage"},"image":{"@id":"https:\/\/da-crew.org\/cgu\/#primaryimage"},"thumbnailUrl":"https:\/\/da-crew.org\/wp-content\/uploads\/2023\/10\/INTRO_Equipage_bateau_litho.jpg","datePublished":"2023-10-28T10:15:53+00:00","dateModified":"2023-11-08T18:48:15+00:00","description":"Consultez les Conditions G\u00e9n\u00e9rales d'Utilisation du site Da-Crew.org, de ses produits et de ses formations.","breadcrumb":{"@id":"https:\/\/da-crew.org\/cgu\/#breadcrumb"},"inLanguage":"en-GB","potentialAction":[{"@type":"ReadAction","target":["https:\/\/da-crew.org\/cgu\/"]}]},{"@type":"ImageObject","inLanguage":"en-GB","@id":"https:\/\/da-crew.org\/cgu\/#primaryimage","url":"https:\/\/da-crew.org\/wp-content\/uploads\/2023\/10\/INTRO_Equipage_bateau_litho.jpg","contentUrl":"https:\/\/da-crew.org\/wp-content\/uploads\/2023\/10\/INTRO_Equipage_bateau_litho.jpg","width":600,"height":766,"caption":"Equipage bateau litho - Da Crew"},{"@type":"BreadcrumbList","@id":"https:\/\/da-crew.org\/cgu\/#breadcrumb","itemListElement":[{"@type":"ListItem","position":1,"name":"Accueil","item":"https:\/\/da-crew.org\/"},{"@type":"ListItem","position":2,"name":"CGU de Da Crew"}]},{"@type":"WebSite","@id":"https:\/\/da-crew.org\/#website","url":"https:\/\/da-crew.org\/","name":"DaCrew.org","description":"Aborder la formation diff\u00e9remment","publisher":{"@id":"https:\/\/da-crew.org\/#organization"},"potentialAction":[{"@type":"SearchAction","target":{"@type":"EntryPoint","urlTemplate":"https:\/\/da-crew.org\/?s={search_term_string}"},"query-input":{"@type":"PropertyValueSpecification","valueRequired":true,"valueName":"search_term_string"}}],"inLanguage":"en-GB"},{"@type":"Organization","@id":"https:\/\/da-crew.org\/#organization","name":"DaCrew.org","url":"https:\/\/da-crew.org\/","logo":{"@type":"ImageObject","inLanguage":"en-GB","@id":"https:\/\/da-crew.org\/#\/schema\/logo\/image\/","url":"https:\/\/da-crew.org\/wp-content\/uploads\/2023\/09\/ANCRE_DA_CREW_GRISE_300px.png","contentUrl":"https:\/\/da-crew.org\/wp-content\/uploads\/2023\/09\/ANCRE_DA_CREW_GRISE_300px.png","width":300,"height":304,"caption":"DaCrew.org"},"image":{"@id":"https:\/\/da-crew.org\/#\/schema\/logo\/image\/"}}]}},"_links":{"self":[{"href":"https:\/\/da-crew.org\/en\/wp-json\/wp\/v2\/pages\/1601","targetHints":{"allow":["GET"]}}],"collection":[{"href":"https:\/\/da-crew.org\/en\/wp-json\/wp\/v2\/pages"}],"about":[{"href":"https:\/\/da-crew.org\/en\/wp-json\/wp\/v2\/types\/page"}],"author":[{"embeddable":true,"href":"https:\/\/da-crew.org\/en\/wp-json\/wp\/v2\/users\/1"}],"replies":[{"embeddable":true,"href":"https:\/\/da-crew.org\/en\/wp-json\/wp\/v2\/comments?post=1601"}],"version-history":[{"count":0,"href":"https:\/\/da-crew.org\/en\/wp-json\/wp\/v2\/pages\/1601\/revisions"}],"wp:featuredmedia":[{"embeddable":true,"href":"https:\/\/da-crew.org\/en\/wp-json\/wp\/v2\/media\/807"}],"wp:attachment":[{"href":"https:\/\/da-crew.org\/en\/wp-json\/wp\/v2\/media?parent=1601"}],"curies":[{"name":"wp","href":"https:\/\/api.w.org\/{rel}","templated":true}]}}